{"id":9,"date":"2021-02-20T15:47:25","date_gmt":"2021-02-20T15:47:25","guid":{"rendered":"https:\/\/de.facts2reason.com\/?page_id=9"},"modified":"2025-11-17T16:42:16","modified_gmt":"2025-11-17T15:42:16","slug":"der-westen-in-der-krise-was-geschieht","status":"publish","type":"page","link":"https:\/\/de.facts2reason.com\/","title":{"rendered":"Beobachtungen zum Westen im Umbruch"},"content":{"rendered":"\t\t<div data-elementor-type=\"wp-page\" data-elementor-id=\"9\" class=\"elementor elementor-9\">\n\t\t\t\t\t\t<section class=\"elementor-section elementor-top-section elementor-element elementor-element-868a042 elementor-section-boxed elementor-section-height-default elementor-section-height-default\" data-id=\"868a042\" data-element_type=\"section\" data-e-type=\"section\">\n\t\t\t\t\t\t<div class=\"elementor-container elementor-column-gap-default\">\n\t\t\t\t\t<div class=\"elementor-column elementor-col-100 elementor-top-column elementor-element elementor-element-edd4273\" data-id=\"edd4273\" data-element_type=\"column\" data-e-type=\"column\">\n\t\t\t<div class=\"elementor-widget-wrap elementor-element-populated\">\n\t\t\t\t\t\t<div class=\"elementor-element elementor-element-bd6c05a elementor-widget elementor-widget-text-editor\" data-id=\"bd6c05a\" data-element_type=\"widget\" data-e-type=\"widget\" data-widget_type=\"text-editor.default\">\n\t\t\t\t<div class=\"elementor-widget-container\">\n\t\t\t\t\t\t\t\t\t<p>Beobachter der <strong>Entwicklungen der letzten 30 Jahre<\/strong> in den Bereichen Politik, Wissenschaft und Kultur im Westen m\u00f6gen sich fragen, in welche Richtung sich unsere Gesellschaft bewegt.<\/p><p>Vor rund 300 Jahren brachte\u00a0<strong>die Aufkl\u00e4rung<\/strong> die Erkenntnisse und Werte hervor, welche die unvergleichliche Entwicklung der westlichen Welt bis ins 21. Jh. erm\u00f6glichten.<\/p><p>Die drei wichtigsten dieser Werte&#8230;<\/p><ul><li><strong>Vernunft<\/strong>\/Rationalit\u00e4t (heute vor allem durch die Wissenschaft vertreten)<\/li><li>Individuelle <strong>Freiheit<\/strong> und Verantwortung<\/li><li>Gleiches <strong>Recht<\/strong> f\u00fcr Alle<\/li><\/ul><p>&#8230;scheinen jedoch in unserer Gesellschaft an Einfluss zu verlieren. Es sieht so aus, als ob ein gro\u00dfer Teil der westlichen Welt der Prinzipien, die sie so erfolgreich gemacht haben, <strong>\u00fcberdr\u00fcssig<\/strong> w\u00fcrde und einen Zustand anstrebte, wie er <strong>vor der Aufkl\u00e4rung<\/strong> herrschte.<\/p><p><em>Dieser Blog m\u00f6chte helfen zu verstehen, was dabei vor sich geht, was die Gr\u00fcnde sein k\u00f6nnten und wohin die Entwicklung uns f\u00fchrt. Im Idealfall wird er &#8211; aus der Perspektive der Werte der Aufkl\u00e4rung &#8211; Ideen, Entwicklungen und Aktivit\u00e4ten identifizieren, die helfen k\u00f6nnten, diese Werte und damit die Errungenschaften unserer westlichen Kultur lebendig zu erhalten.<\/em><\/p><p><em>\u00a0<\/em><\/p>\t\t\t\t\t\t\t\t<\/div>\n\t\t\t\t<\/div>\n\t\t\t\t\t<\/div>\n\t\t<\/div>\n\t\t\t\t\t<\/div>\n\t\t<\/section>\n\t\t\t\t<section class=\"elementor-section elementor-top-section elementor-element elementor-element-0d1e4f1 elementor-section-boxed elementor-section-height-default elementor-section-height-default\" data-id=\"0d1e4f1\" data-element_type=\"section\" data-e-type=\"section\">\n\t\t\t\t\t\t<div class=\"elementor-container elementor-column-gap-default\">\n\t\t\t\t\t<div class=\"elementor-column elementor-col-100 elementor-top-column elementor-element elementor-element-91ee151\" data-id=\"91ee151\" data-element_type=\"column\" data-e-type=\"column\">\n\t\t\t<div class=\"elementor-widget-wrap elementor-element-populated\">\n\t\t\t\t\t\t<div class=\"elementor-element elementor-element-a20f647 elementor-button-success elementor-align-center elementor-widget elementor-widget-button\" data-id=\"a20f647\" data-element_type=\"widget\" data-e-type=\"widget\" data-widget_type=\"button.default\">\n\t\t\t\t<div class=\"elementor-widget-container\">\n\t\t\t\t\t\t\t\t\t<div class=\"elementor-button-wrapper\">\n\t\t\t\t\t<a class=\"elementor-button elementor-button-link elementor-size-md\" href=\"https:\/\/de.facts2reason.com\/index.php\/blog\/\" target=\"_blank\">\n\t\t\t\t\t\t<span class=\"elementor-button-content-wrapper\">\n\t\t\t\t\t\t\t\t\t<span class=\"elementor-button-text\">Blog<\/span>\n\t\t\t\t\t<\/span>\n\t\t\t\t\t<\/a>\n\t\t\t\t<\/div>\n\t\t\t\t\t\t\t\t<\/div>\n\t\t\t\t<\/div>\n\t\t\t\t\t<\/div>\n\t\t<\/div>\n\t\t\t\t\t<\/div>\n\t\t<\/section>\n\t\t\t\t<\/div>\n\t\t","protected":false},"excerpt":{"rendered":"<p>Beobachter der Entwicklungen der letzten 30 Jahre in den Bereichen Politik, Wissenschaft und Kultur im Westen m\u00f6gen sich fragen, in welche Richtung sich unsere Gesellschaft bewegt. Vor rund 300 Jahren brachte\u00a0die Aufkl\u00e4rung die Erkenntnisse und Werte hervor, welche die unvergleichliche Entwicklung der westlichen Welt bis ins 21. Jh. erm\u00f6glichten. Die drei wichtigsten dieser Werte&#8230; Vernunft\/Rationalit\u00e4t [&hellip;]<\/p>\n","protected":false},"author":1,"featured_media":0,"parent":0,"menu_order":0,"comment_status":"closed","ping_status":"closed","template":"","meta":{"footnotes":""},"class_list":["post-9","page","type-page","status-publish","hentry"],"blocksy_meta":{"page_title_panel":"","has_hero_section":"enabled","cdb798f5be1298808e4ae1e8a14d184f":"","hero_section":"type-2","hero_elements":[{"id":"custom_title","enabled":true,"heading_tag":"h1","title":"Startseite"},{"id":"custom_description","enabled":true,"description_visibility":{"desktop":true,"tablet":true,"mobile":false}},{"id":"custom_meta","enabled":false,"meta_elements":[{"id":"author","enabled":true,"label":"Von","has_author_avatar":"yes","avatar_size":25},{"id":"post_date","enabled":true,"label":"Am","date_format_source":"default","date_format":"M j, Y"},{"id":"comments","enabled":true}],"page_meta_elements":{"joined":true,"articles_count":true,"comments":true}},{"id":"breadcrumbs","enabled":false}],"17a722f0a629d4951580a7f6ef2e8941":"","hero_alignment1":"left","hero_margin":{"desktop":50,"tablet":30,"mobile":30},"hero_alignment2":"center","hero_vertical_alignment":"center","37dec3122447da454d8ad0ab8a77b5b1":"","hero_structure":"narrow","63720159452ce881a4f87d854954314c":"","page_title_bg_type":"custom_image","custom_hero_background":{"attachment_id":17,"url":"https:\/\/de.facts2reason.com\/wp-content\/uploads\/2021\/02\/statue-beschn-1024x374.jpg"},"parallax":{"desktop":false,"tablet":false,"mobile":false},"8a9c8c4bb7915034726f845cfc2b6171":"","hero_height":"250px","pageTitleFont":{"family":"Roboto","variation":"n4","size":{"desktop":"47px","tablet":"47px","mobile":"47px"},"line-height":"CT_CSS_SKIP_RULE","letter-spacing":"CT_CSS_SKIP_RULE","text-transform":"CT_CSS_SKIP_RULE","text-decoration":"CT_CSS_SKIP_RULE"},"pageTitleFontColor":{"default":{"color":"#e8f1e7"}},"pageMetaFont":{"family":"Default","variation":"n6","size":"12px","line-height":"1.3","letter-spacing":"CT_CSS_SKIP_RULE","text-transform":"uppercase","text-decoration":"CT_CSS_SKIP_RULE"},"pageMetaFontColor":{"default":{"color":"CT_CSS_SKIP_RULEDEFAULT"},"hover":{"color":"CT_CSS_SKIP_RULEDEFAULT"}},"pageExcerptFont":{"family":"Alegreya Sans SC","variation":"n4","size":"CT_CSS_SKIP_RULE","line-height":"CT_CSS_SKIP_RULE","letter-spacing":"CT_CSS_SKIP_RULE","text-transform":"CT_CSS_SKIP_RULE","text-decoration":"CT_CSS_SKIP_RULE"},"pageExcerptColor":{"default":{"color":"#375a89"}},"breadcrumbsFont":{"family":"Default","variation":"n6","size":"12px","line-height":"CT_CSS_SKIP_RULE","letter-spacing":"CT_CSS_SKIP_RULE","text-transform":"uppercase","text-decoration":"CT_CSS_SKIP_RULE"},"breadcrumbsFontColor":{"default":{"color":"CT_CSS_SKIP_RULEDEFAULT"},"initial":{"color":"CT_CSS_SKIP_RULEDEFAULT"},"hover":{"color":"CT_CSS_SKIP_RULEDEFAULT"}},"pageTitleOverlay":{"default":{"color":"CT_CSS_SKIP_RULE"}},"pageTitleBackground":{"background_type":"color","background_pattern":"type-1","background_image":{"attachment_id":null,"x":0,"y":0},"gradient":"linear-gradient(135deg,rgba(6,147,227,1) 0%,rgb(155,81,224) 100%)","background_repeat":"no-repeat","background_size":"auto","background_attachment":"scroll","patternColor":{"default":{"color":"#e5e7ea"}},"overlayColor":{"default":{"color":"CT_CSS_SKIP_RULE"}},"backgroundColor":{"default":{"color":"#EDEFF2"}}},"pageTitlePadding":{"top":"50px","bottom":"50px","left":"auto","right":"auto","linked":true,"desktop":{"top":"50px","bottom":"70px","left":"auto","right":"auto","linked":false},"tablet":{"top":"50px","bottom":"70px","left":"auto","right":"auto","linked":false},"mobile":{"top":"50px","bottom":"70px","left":"auto","right":"auto","linked":false},"__changed":[]},"eb9d1d07f0a3be175a8f104482215e7e":"","page_structure_type":"default","content_style":"inherit","vertical_spacing_source":"inherit","content_area_spacing":"both","background":{"background_type":"color","background_pattern":"type-1","background_image":{"attachment_id":null,"x":0,"y":0},"gradient":"linear-gradient(135deg,rgba(6,147,227,1) 0%,rgb(155,81,224) 100%)","background_repeat":"no-repeat","background_size":"auto","background_attachment":"scroll","patternColor":{"default":{"color":"#e5e7ea"}},"overlayColor":{"default":{"color":"CT_CSS_SKIP_RULE"}},"backgroundColor":{"default":{"color":"CT_CSS_SKIP_RULE"}}},"content_background":{"background_type":"color","background_pattern":"type-1","background_image":{"attachment_id":null,"x":0,"y":0},"gradient":"linear-gradient(135deg,rgba(6,147,227,1) 0%,rgb(155,81,224) 100%)","background_repeat":"no-repeat","background_size":"auto","background_attachment":"scroll","patternColor":{"default":{"color":"#e5e7ea"}},"overlayColor":{"default":{"color":"CT_CSS_SKIP_RULE"}},"backgroundColor":{"default":{"color":"#ffffff"}}},"content_boxed_shadow":{"inherit":false,"blur":18,"spread":-6,"v_offset":12,"h_offset":0,"inset":false,"enable":true,"color":{"color":"rgba(34, 56, 101, 0.04)"}},"boxed_content_spacing":{"desktop":{"top":"40px","bottom":"40px","left":"40px","right":"40px","linked":true},"tablet":{"top":"35px","bottom":"35px","left":"35px","right":"35px","linked":true},"mobile":{"top":"20px","bottom":"20px","left":"20px","right":"20px","linked":true}},"content_boxed_radius":{"top":"3px","bottom":"3px","left":"3px","right":"3px","linked":true},"068d9fc2a66bdcbf55b669a67f8de7d2":"","disable_featured_image":"no","disable_header":"no","disable_footer":"no","0ac626acc719bd390d5fe804565cf3c1":"","eed9b433ce0177bcd37d51b9c3263128":"","9c50fee15b8636bd8b83e7fb9b82a63d":"","f350cebfd47d11d2ebeedef5b7b45a0a":"","31b23d46cc9cfc6159d9d661b079eb89":"","66751bb3017d6a303f1e9621a9d32ea2":"","6f9e36bbe79f69b3b14f949c74ca0dbf":"","0ad20670f88c6782ec03c886f8c20f78":"","392bef90c720447086c0b4ba8f2f4f47":"","2ee6db1c869308bcc853cb3d28c5519b":"","ae9ee6e6fbe9c767a566ec8ba14167e7":"","d212b476108069095710bb4fc7930642":"","72fe1ba59354af94e8a20e7047969fb9":"","1f0cc0d74cf3a526f292e2c8164022ee":"","3a6fb76f7ef38b06255fb251649fa6ea":"","42026d836fcd629480fe30702bc31a28":"","87b7dccfc674ebb4ad3c1cf5bf870582":"","d86c76d81ea59d5e183cfe562c215f01":"","8360f7e2b584fbdac66fdf99df84fd69":"","0d2001cea5f0ef4badf1dd186ea70684":"","1876364e103415b5205574eac0bd3c26":"","a15378309c7a34f58c78f1d44152fccb":"","f96f5abf8cfe902ac3af4e4ddba43005":"","b02ab4afe4ec7988c14251f3bff15c62":"","03295e504c60d0e4ed492eaf019bb148":"","8f79ab907f24d55a83531ee5a6ce6582":"","1c431af452d792ef2a24cd95079d82fc":"","b732630c0468cdaa8a5c49da1aa99053":"","91cd14837c4345c48a6bf75552e3341e":"","bc89e3b0f35db94463c710548b21272c":"","ccac281d60b3ae2a1795ff82d40daf88":"","417e54fc538038a529878f5dc9f8599c":"","80fa0e9f10983cd1dddc21232ed6495f":"","679aaa1537029e9d6508ab4198c54272":"","b208b02051f1f42844dad37f9972ff73":"","4b24c23828170ea2f5c1dd18c1817804":"","266997dd9ff3f0ce7cf54d91755d8c28":"","da138ef0135e7c43a0165417bb3fd656":"","edd51991874ad2a91ebd5c2d68949fd6":"","db4edc2063280a35d574ef88a419196e":"","15951024e0a532f67281fa0df0e60f7c":"","9da949d6c2905af9f4f4dc87db7d2704":"","styles_descriptor":{"styles":{"desktop":"[data-prefix=\"single_page\"] .entry-header .page-title {--theme-font-family:Roboto, Sans-Serif;--theme-font-weight:400;--theme-font-size:47px;--theme-heading-color:#e8f1e7;} [data-prefix=\"single_page\"] .entry-header .entry-meta {--theme-font-weight:600;--theme-text-transform:uppercase;--theme-font-size:12px;--theme-line-height:1.3;} [data-prefix=\"single_page\"] .entry-header .page-description {--theme-font-family:'Alegreya Sans SC', Sans-Serif;--theme-font-weight:400;--theme-text-color:#375a89;} [data-prefix=\"single_page\"] .hero-section[data-type=\"type-2\"] {background-color:#EDEFF2;background-image:none;--container-padding:50px 0 70px 0;}","tablet":"","mobile":""},"google_fonts":{"Roboto":["n4"],"Merriweather":["n6"],"Alegreya Sans SC":["n4"]},"version":6}},"featured_image_urls_v2":{"full":"","thumbnail":"","medium":"","medium_large":"","large":"","1536x1536":"","2048x2048":"","ultp_layout_landscape_large":"","ultp_layout_landscape":"","ultp_layout_portrait":"","ultp_layout_square":""},"post_excerpt_stackable_v2":"<p>Beobachter der Entwicklungen der letzten 30 Jahre in den Bereichen Politik, Wissenschaft und Kultur im Westen m\u00f6gen sich fragen, in welche Richtung sich unsere Gesellschaft bewegt.Vor rund 300 Jahren brachte\u00a0die Aufkl\u00e4rung die Erkenntnisse und Werte hervor, welche die unvergleichliche Entwicklung der westlichen Welt bis ins 21. Jh. erm\u00f6glichten.Die drei wichtigsten dieser Werte&#8230;Vernunft\/Rationalit\u00e4t (heute vor allem durch die Wissenschaft vertreten)Individuelle Freiheit und VerantwortungGleiches Recht f\u00fcr Alle&#8230;scheinen jedoch in unserer Gesellschaft an Einfluss zu verlieren. Es sieht so aus, als ob ein gro\u00dfer Teil der westlichen Welt der Prinzipien, die sie so erfolgreich gemacht haben, \u00fcberdr\u00fcssig w\u00fcrde und einen Zustand anstrebte, wie&hellip;<\/p>\n","category_list_v2":"","author_info_v2":{"name":"admin","url":"https:\/\/de.facts2reason.com\/index.php\/author\/eglimarkusncll\/"},"comments_num_v2":"0 comments","yoast_head":"<!-- This site is optimized with the Yoast SEO plugin v27.4 - https:\/\/yoast.com\/product\/yoast-seo-wordpress\/ -->\n<title>Beobachtungen zum Westen im Umbruch - Westen Quo Vadis<\/title>\n<meta name=\"robots\" content=\"index, follow, max-snippet:-1, max-image-preview:large, max-video-preview:-1\" \/>\n<link rel=\"canonical\" href=\"https:\/\/de.facts2reason.com\/\" \/>\n<meta property=\"og:locale\" content=\"de_DE\" \/>\n<meta property=\"og:type\" content=\"article\" \/>\n<meta property=\"og:title\" content=\"Beobachtungen zum Westen im Umbruch - Westen Quo Vadis\" \/>\n<meta property=\"og:description\" content=\"Beobachter der Entwicklungen der letzten 30 Jahre in den Bereichen Politik, Wissenschaft und Kultur im Westen m\u00f6gen sich fragen, in welche Richtung sich unsere Gesellschaft bewegt. Vor rund 300 Jahren brachte\u00a0die Aufkl\u00e4rung die Erkenntnisse und Werte hervor, welche die unvergleichliche Entwicklung der westlichen Welt bis ins 21. Jh. erm\u00f6glichten. Die drei wichtigsten dieser Werte&#8230; Vernunft\/Rationalit\u00e4t [&hellip;]\" \/>\n<meta property=\"og:url\" content=\"https:\/\/de.facts2reason.com\/\" \/>\n<meta property=\"og:site_name\" content=\"Westen Quo Vadis\" \/>\n<meta property=\"article:modified_time\" content=\"2025-11-17T15:42:16+00:00\" \/>\n<meta name=\"twitter:card\" content=\"summary_large_image\" \/>\n<meta name=\"twitter:label1\" content=\"Gesch\u00e4tzte Lesezeit\" \/>\n\t<meta name=\"twitter:data1\" content=\"1\u00a0Minute\" \/>\n<script type=\"application\/ld+json\" class=\"yoast-schema-graph\">{\"@context\":\"https:\\\/\\\/schema.org\",\"@graph\":[{\"@type\":\"WebPage\",\"@id\":\"https:\\\/\\\/de.facts2reason.com\\\/\",\"url\":\"https:\\\/\\\/de.facts2reason.com\\\/\",\"name\":\"Beobachtungen zum Westen im Umbruch - Westen Quo Vadis\",\"isPartOf\":{\"@id\":\"https:\\\/\\\/de.facts2reason.com\\\/#website\"},\"datePublished\":\"2021-02-20T15:47:25+00:00\",\"dateModified\":\"2025-11-17T15:42:16+00:00\",\"breadcrumb\":{\"@id\":\"https:\\\/\\\/de.facts2reason.com\\\/#breadcrumb\"},\"inLanguage\":\"de\",\"potentialAction\":[{\"@type\":\"ReadAction\",\"target\":[\"https:\\\/\\\/de.facts2reason.com\\\/\"]}]},{\"@type\":\"BreadcrumbList\",\"@id\":\"https:\\\/\\\/de.facts2reason.com\\\/#breadcrumb\",\"itemListElement\":[{\"@type\":\"ListItem\",\"position\":1,\"name\":\"Home\",\"item\":\"https:\\\/\\\/de.facts2reason.com\\\/\"},{\"@type\":\"ListItem\",\"position\":2,\"name\":\"Beobachtungen zum Westen im Umbruch\"}]},{\"@type\":\"WebSite\",\"@id\":\"https:\\\/\\\/de.facts2reason.com\\\/#website\",\"url\":\"https:\\\/\\\/de.facts2reason.com\\\/\",\"name\":\"Westen Quo Vadis\",\"description\":\"Blog zur Krise des Westens in Kultur, Politik und Wissenschaft\",\"potentialAction\":[{\"@type\":\"SearchAction\",\"target\":{\"@type\":\"EntryPoint\",\"urlTemplate\":\"https:\\\/\\\/de.facts2reason.com\\\/?s={search_term_string}\"},\"query-input\":{\"@type\":\"PropertyValueSpecification\",\"valueRequired\":true,\"valueName\":\"search_term_string\"}}],\"inLanguage\":\"de\"}]}<\/script>\n<!-- \/ Yoast SEO plugin. -->","yoast_head_json":{"title":"Beobachtungen zum Westen im Umbruch - Westen Quo Vadis","robots":{"index":"index","follow":"follow","max-snippet":"max-snippet:-1","max-image-preview":"max-image-preview:large","max-video-preview":"max-video-preview:-1"},"canonical":"https:\/\/de.facts2reason.com\/","og_locale":"de_DE","og_type":"article","og_title":"Beobachtungen zum Westen im Umbruch - Westen Quo Vadis","og_description":"Beobachter der Entwicklungen der letzten 30 Jahre in den Bereichen Politik, Wissenschaft und Kultur im Westen m\u00f6gen sich fragen, in welche Richtung sich unsere Gesellschaft bewegt. Vor rund 300 Jahren brachte\u00a0die Aufkl\u00e4rung die Erkenntnisse und Werte hervor, welche die unvergleichliche Entwicklung der westlichen Welt bis ins 21. Jh. erm\u00f6glichten. Die drei wichtigsten dieser Werte&#8230; Vernunft\/Rationalit\u00e4t [&hellip;]","og_url":"https:\/\/de.facts2reason.com\/","og_site_name":"Westen Quo Vadis","article_modified_time":"2025-11-17T15:42:16+00:00","twitter_card":"summary_large_image","twitter_misc":{"Gesch\u00e4tzte Lesezeit":"1\u00a0Minute"},"schema":{"@context":"https:\/\/schema.org","@graph":[{"@type":"WebPage","@id":"https:\/\/de.facts2reason.com\/","url":"https:\/\/de.facts2reason.com\/","name":"Beobachtungen zum Westen im Umbruch - Westen Quo Vadis","isPartOf":{"@id":"https:\/\/de.facts2reason.com\/#website"},"datePublished":"2021-02-20T15:47:25+00:00","dateModified":"2025-11-17T15:42:16+00:00","breadcrumb":{"@id":"https:\/\/de.facts2reason.com\/#breadcrumb"},"inLanguage":"de","potentialAction":[{"@type":"ReadAction","target":["https:\/\/de.facts2reason.com\/"]}]},{"@type":"BreadcrumbList","@id":"https:\/\/de.facts2reason.com\/#breadcrumb","itemListElement":[{"@type":"ListItem","position":1,"name":"Home","item":"https:\/\/de.facts2reason.com\/"},{"@type":"ListItem","position":2,"name":"Beobachtungen zum Westen im Umbruch"}]},{"@type":"WebSite","@id":"https:\/\/de.facts2reason.com\/#website","url":"https:\/\/de.facts2reason.com\/","name":"Westen Quo Vadis","description":"Blog zur Krise des Westens in Kultur, Politik und Wissenschaft","potentialAction":[{"@type":"SearchAction","target":{"@type":"EntryPoint","urlTemplate":"https:\/\/de.facts2reason.com\/?s={search_term_string}"},"query-input":{"@type":"PropertyValueSpecification","valueRequired":true,"valueName":"search_term_string"}}],"inLanguage":"de"}]}},"rttpg_featured_image_url":null,"rttpg_author":{"display_name":"admin","author_link":"https:\/\/de.facts2reason.com\/index.php\/author\/eglimarkusncll\/"},"rttpg_comment":0,"rttpg_category":null,"rttpg_excerpt":"Beobachter der Entwicklungen der letzten 30 Jahre in den Bereichen Politik, Wissenschaft und Kultur im Westen m\u00f6gen sich fragen, in welche Richtung sich unsere Gesellschaft bewegt. Vor rund 300 Jahren brachte\u00a0die Aufkl\u00e4rung die Erkenntnisse und Werte hervor, welche die unvergleichliche Entwicklung der westlichen Welt bis ins 21. Jh. erm\u00f6glichten. Die drei wichtigsten dieser Werte&#8230; Vernunft\/Rationalit\u00e4t&hellip;","_links":{"self":[{"href":"https:\/\/de.facts2reason.com\/index.php\/wp-json\/wp\/v2\/pages\/9","targetHints":{"allow":["GET"]}}],"collection":[{"href":"https:\/\/de.facts2reason.com\/index.php\/wp-json\/wp\/v2\/pages"}],"about":[{"href":"https:\/\/de.facts2reason.com\/index.php\/wp-json\/wp\/v2\/types\/page"}],"author":[{"embeddable":true,"href":"https:\/\/de.facts2reason.com\/index.php\/wp-json\/wp\/v2\/users\/1"}],"replies":[{"embeddable":true,"href":"https:\/\/de.facts2reason.com\/index.php\/wp-json\/wp\/v2\/comments?post=9"}],"version-history":[{"count":38,"href":"https:\/\/de.facts2reason.com\/index.php\/wp-json\/wp\/v2\/pages\/9\/revisions"}],"predecessor-version":[{"id":905,"href":"https:\/\/de.facts2reason.com\/index.php\/wp-json\/wp\/v2\/pages\/9\/revisions\/905"}],"wp:attachment":[{"href":"https:\/\/de.facts2reason.com\/index.php\/wp-json\/wp\/v2\/media?parent=9"}],"curies":[{"name":"wp","href":"https:\/\/api.w.org\/{rel}","templated":true}]}}