{"id":233,"date":"2021-04-16T00:47:29","date_gmt":"2021-04-15T23:47:29","guid":{"rendered":"https:\/\/de.facts2reason.com\/?page_id=233"},"modified":"2021-04-16T00:56:56","modified_gmt":"2021-04-15T23:56:56","slug":"falsifizierung-was-heisst-das","status":"publish","type":"page","link":"https:\/\/de.facts2reason.com\/index.php\/falsifizierung-was-heisst-das\/","title":{"rendered":"Falsifizierung: was heisst das?"},"content":{"rendered":"<p>Nach K. Popper muss eine Theorie, um als wissenschaftlich zu gelten,&nbsp; so getestet werden k\u00f6nnen, dass sie am Test auch scheitern kann. Das hei\u00dft, sie muss spezifische Vorhersagen machen, deren Ergebnis unter akzeptablen Bedingungen an der gemessenen Realit\u00e4t \u00fcberpr\u00fcft werden kann. Wenn sich die Vorhersagen als falsch erweisen, dann gibt es ein Problem mit der Theorie, auf der die Vorhersagen beruhen. Popper nennt diese Eigenschaft einer Theorie&nbsp; &#8222;Falsifizierbarkeit&#8220;:<\/p>\n<p>Die Theorie T sagt O als Ergebnis voraus. Wir beobachten jedoch P anstelle von O. Das bedeutet, dass T getestet werden kann (falsifizierbar ist), der Test aber negativ zur\u00fcckkommt und es ein Problem mit T gibt (je nachdem, wie zentral die Vorhersage O ist, k\u00f6nnte die Beobachtung beweisen, dass T schlichtweg falsch ist).<\/p>\n<p>Ein paar Beispiele von Aussagen (Vorhersagen) sollen das Prinzip der Falsifizierbarkeit verdeutlichen:<\/p>\n<ul>\n<li>Die Sonne dreht sich um die Erde (hat sich empirisch als falsch erwiesen, ist also falsifizierbar)<\/li>\n<li>In X Milliarden Jahren wird&nbsp; die Sonne expandieren und die Erde einnehmen (kann prinzipiell, aber nicht praktisch widerlegt werden, ist also nicht falsifizierbar)<\/li>\n<li>Ein unsichtbarer weisser Hase hilft mir, schwierige Situationen zu meistern (kann nicht widerlegt werden, ist nicht falsifizierbar)<\/li>\n<li>Der Klimawandel wird das Wetter instabiler machen (kann nicht widerlegt werden, weil &#8222;stabil&#8220; keine spezifische Bedeutung hat, die Aussage ist nicht falsifizierbar)<\/li>\n<\/ul>\n","protected":false},"excerpt":{"rendered":"<p>Nach K. Popper muss eine Theorie, um als wissenschaftlich zu gelten,&nbsp; so getestet werden k\u00f6nnen, dass sie am Test auch scheitern kann. Das hei\u00dft, sie muss spezifische Vorhersagen machen, deren Ergebnis unter akzeptablen Bedingungen an der gemessenen Realit\u00e4t \u00fcberpr\u00fcft werden kann. Wenn sich die Vorhersagen als falsch erweisen, dann gibt es ein Problem mit der [&hellip;]<\/p>\n","protected":false},"author":1,"featured_media":0,"parent":0,"menu_order":0,"comment_status":"closed","ping_status":"closed","template":"","meta":{"footnotes":""},"class_list":["post-233","page","type-page","status-publish","hentry"],"blocksy_meta":{"page_title_panel":"","has_hero_section":"enabled","4484a2197292095dff76450ae467d5fe":"","hero_section":"type-1","hero_elements":[{"id":"custom_title","enabled":true,"heading_tag":"h1","title":"Startseite"},{"id":"custom_description","enabled":true,"description_visibility":{"desktop":true,"tablet":true,"mobile":false}},{"id":"custom_meta","enabled":false,"meta_elements":[{"id":"author","enabled":true,"label":"Von","has_author_avatar":"yes","avatar_size":25},{"id":"post_date","enabled":true,"label":"Am","date_format_source":"default","date_format":"M j, Y"},{"id":"comments","enabled":true}],"page_meta_elements":{"joined":true,"articles_count":true,"comments":true}},{"id":"breadcrumbs","enabled":false}],"be8c044667969e1196fc836d9df42391":"","hero_alignment1":"left","hero_margin":{"desktop":50,"tablet":30,"mobile":30},"hero_alignment2":"center","hero_vertical_alignment":"center","2a191967c08208cecf2c7045f95c801c":"","hero_structure":"narrow","d997e81929c7288b100a4b71a9636006":"","page_title_bg_type":"featured_image","custom_hero_background":{"attachment_id":null},"parallax":{"desktop":false,"tablet":false,"mobile":false},"0a9317605e88d7292119c54caf583c54":"","hero_height":"250px","pageTitleFont":{"family":"Default","variation":"Default","size":{"desktop":"32px","tablet":"30px","mobile":"25px"},"line-height":"CT_CSS_SKIP_RULE","letter-spacing":"CT_CSS_SKIP_RULE","text-transform":"CT_CSS_SKIP_RULE","text-decoration":"CT_CSS_SKIP_RULE"},"pageTitleFontColor":{"default":{"color":"CT_CSS_SKIP_RULEDEFAULT"}},"pageMetaFont":{"family":"Default","variation":"n6","size":"12px","line-height":"1.3","letter-spacing":"CT_CSS_SKIP_RULE","text-transform":"uppercase","text-decoration":"CT_CSS_SKIP_RULE"},"pageMetaFontColor":{"default":{"color":"CT_CSS_SKIP_RULEDEFAULT"},"hover":{"color":"CT_CSS_SKIP_RULEDEFAULT"}},"pageExcerptFont":{"family":"Default","variation":"Default","size":"CT_CSS_SKIP_RULE","line-height":"CT_CSS_SKIP_RULE","letter-spacing":"CT_CSS_SKIP_RULE","text-transform":"CT_CSS_SKIP_RULE","text-decoration":"CT_CSS_SKIP_RULE"},"pageExcerptColor":{"default":{"color":"CT_CSS_SKIP_RULEDEFAULT"}},"breadcrumbsFont":{"family":"Default","variation":"n6","size":"12px","line-height":"CT_CSS_SKIP_RULE","letter-spacing":"CT_CSS_SKIP_RULE","text-transform":"uppercase","text-decoration":"CT_CSS_SKIP_RULE"},"breadcrumbsFontColor":{"default":{"color":"CT_CSS_SKIP_RULEDEFAULT"},"initial":{"color":"CT_CSS_SKIP_RULEDEFAULT"},"hover":{"color":"CT_CSS_SKIP_RULEDEFAULT"}},"pageTitleOverlay":{"default":{"color":"CT_CSS_SKIP_RULE"}},"pageTitleBackground":{"background_type":"color","background_pattern":"type-1","background_image":{"attachment_id":null,"x":0,"y":0},"gradient":"linear-gradient(135deg,rgba(6,147,227,1) 0%,rgb(155,81,224) 100%)","background_repeat":"no-repeat","background_size":"auto","background_attachment":"scroll","patternColor":{"default":{"color":"#e5e7ea"}},"overlayColor":{"default":{"color":"CT_CSS_SKIP_RULE"}},"backgroundColor":{"default":{"color":"#EDEFF2"}}},"pageTitlePadding":{"top":"50px","bottom":"50px","left":"auto","right":"auto","linked":true},"49312dcee1cba7350e7d6671962e12c0":"","page_structure_type":"default","content_style":"inherit","vertical_spacing_source":"inherit","content_area_spacing":"both","background":{"background_type":"color","background_pattern":"type-1","background_image":{"attachment_id":null,"x":0,"y":0},"gradient":"linear-gradient(135deg,rgba(6,147,227,1) 0%,rgb(155,81,224) 100%)","background_repeat":"no-repeat","background_size":"auto","background_attachment":"scroll","patternColor":{"default":{"color":"#e5e7ea"}},"overlayColor":{"default":{"color":"CT_CSS_SKIP_RULE"}},"backgroundColor":{"default":{"color":"CT_CSS_SKIP_RULE"}}},"content_background":{"background_type":"color","background_pattern":"type-1","background_image":{"attachment_id":null,"x":0,"y":0},"gradient":"linear-gradient(135deg,rgba(6,147,227,1) 0%,rgb(155,81,224) 100%)","background_repeat":"no-repeat","background_size":"auto","background_attachment":"scroll","patternColor":{"default":{"color":"#e5e7ea"}},"overlayColor":{"default":{"color":"CT_CSS_SKIP_RULE"}},"backgroundColor":{"default":{"color":"#ffffff"}}},"content_boxed_shadow":{"inherit":false,"blur":18,"spread":-6,"v_offset":12,"h_offset":0,"inset":false,"enable":true,"color":{"color":"rgba(34, 56, 101, 0.04)"}},"boxed_content_spacing":{"desktop":{"top":"40px","bottom":"40px","left":"40px","right":"40px","linked":true},"tablet":{"top":"35px","bottom":"35px","left":"35px","right":"35px","linked":true},"mobile":{"top":"20px","bottom":"20px","left":"20px","right":"20px","linked":true}},"content_boxed_radius":{"top":"3px","bottom":"3px","left":"3px","right":"3px","linked":true},"226002fc17406bc9f48061edff9e5d7d":"","disable_featured_image":"no","disable_header":"no","disable_footer":"no","styles_descriptor":{"styles":{"desktop":"[data-prefix=\"single_page\"] .entry-header .page-title {--theme-font-size:32px;} [data-prefix=\"single_page\"] .entry-header .entry-meta {--theme-font-weight:600;--theme-text-transform:uppercase;--theme-font-size:12px;--theme-line-height:1.3;} [data-prefix=\"single_page\"] .hero-section[data-type=\"type-1\"] {--alignment:left;--margin-bottom:50;}","tablet":"[data-prefix=\"single_page\"] .entry-header .page-title {--theme-font-size:30px;} [data-prefix=\"single_page\"] .hero-section[data-type=\"type-1\"] {--margin-bottom:30;}","mobile":"[data-prefix=\"single_page\"] .entry-header .page-title {--theme-font-size:25px;}"},"google_fonts":[],"version":6}},"featured_image_urls_v2":{"full":"","thumbnail":"","medium":"","medium_large":"","large":"","1536x1536":"","2048x2048":"","ultp_layout_landscape_large":"","ultp_layout_landscape":"","ultp_layout_portrait":"","ultp_layout_square":""},"post_excerpt_stackable_v2":"<p>Nach K. Popper muss eine Theorie, um als wissenschaftlich zu gelten,&nbsp; so getestet werden k\u00f6nnen, dass sie am Test auch scheitern kann. Das hei\u00dft, sie muss spezifische Vorhersagen machen, deren Ergebnis unter akzeptablen Bedingungen an der gemessenen Realit\u00e4t \u00fcberpr\u00fcft werden kann. Wenn sich die Vorhersagen als falsch erweisen, dann gibt es ein Problem mit der Theorie, auf der die Vorhersagen beruhen. Popper nennt diese Eigenschaft einer Theorie&nbsp; &#8222;Falsifizierbarkeit&#8220;: Die Theorie T sagt O als Ergebnis voraus. Wir beobachten jedoch P anstelle von O. Das bedeutet, dass T getestet werden kann (falsifizierbar ist), der Test aber negativ zur\u00fcckkommt und es ein&hellip;<\/p>\n","category_list_v2":"","author_info_v2":{"name":"admin","url":"https:\/\/de.facts2reason.com\/index.php\/author\/eglimarkusncll\/"},"comments_num_v2":"0 comments","yoast_head":"<!-- This site is optimized with the Yoast SEO plugin v27.4 - https:\/\/yoast.com\/product\/yoast-seo-wordpress\/ -->\n<title>Falsifizierung: was heisst das? - Westen Quo Vadis<\/title>\n<meta name=\"robots\" content=\"index, follow, max-snippet:-1, max-image-preview:large, max-video-preview:-1\" \/>\n<link rel=\"canonical\" href=\"https:\/\/de.facts2reason.com\/index.php\/falsifizierung-was-heisst-das\/\" \/>\n<meta property=\"og:locale\" content=\"de_DE\" \/>\n<meta property=\"og:type\" content=\"article\" \/>\n<meta property=\"og:title\" content=\"Falsifizierung: was heisst das? - Westen Quo Vadis\" \/>\n<meta property=\"og:description\" content=\"Nach K. Popper muss eine Theorie, um als wissenschaftlich zu gelten,&nbsp; so getestet werden k\u00f6nnen, dass sie am Test auch scheitern kann. Das hei\u00dft, sie muss spezifische Vorhersagen machen, deren Ergebnis unter akzeptablen Bedingungen an der gemessenen Realit\u00e4t \u00fcberpr\u00fcft werden kann. Wenn sich die Vorhersagen als falsch erweisen, dann gibt es ein Problem mit der [&hellip;]\" \/>\n<meta property=\"og:url\" content=\"https:\/\/de.facts2reason.com\/index.php\/falsifizierung-was-heisst-das\/\" \/>\n<meta property=\"og:site_name\" content=\"Westen Quo Vadis\" \/>\n<meta property=\"article:modified_time\" content=\"2021-04-15T23:56:56+00:00\" \/>\n<meta name=\"twitter:card\" content=\"summary_large_image\" \/>\n<meta name=\"twitter:label1\" content=\"Gesch\u00e4tzte Lesezeit\" \/>\n\t<meta name=\"twitter:data1\" content=\"1\u00a0Minute\" \/>\n<script type=\"application\/ld+json\" class=\"yoast-schema-graph\">{\"@context\":\"https:\\\/\\\/schema.org\",\"@graph\":[{\"@type\":\"WebPage\",\"@id\":\"https:\\\/\\\/de.facts2reason.com\\\/index.php\\\/falsifizierung-was-heisst-das\\\/\",\"url\":\"https:\\\/\\\/de.facts2reason.com\\\/index.php\\\/falsifizierung-was-heisst-das\\\/\",\"name\":\"Falsifizierung: was heisst das? - Westen Quo Vadis\",\"isPartOf\":{\"@id\":\"https:\\\/\\\/de.facts2reason.com\\\/#website\"},\"datePublished\":\"2021-04-15T23:47:29+00:00\",\"dateModified\":\"2021-04-15T23:56:56+00:00\",\"breadcrumb\":{\"@id\":\"https:\\\/\\\/de.facts2reason.com\\\/index.php\\\/falsifizierung-was-heisst-das\\\/#breadcrumb\"},\"inLanguage\":\"de\",\"potentialAction\":[{\"@type\":\"ReadAction\",\"target\":[\"https:\\\/\\\/de.facts2reason.com\\\/index.php\\\/falsifizierung-was-heisst-das\\\/\"]}]},{\"@type\":\"BreadcrumbList\",\"@id\":\"https:\\\/\\\/de.facts2reason.com\\\/index.php\\\/falsifizierung-was-heisst-das\\\/#breadcrumb\",\"itemListElement\":[{\"@type\":\"ListItem\",\"position\":1,\"name\":\"Home\",\"item\":\"https:\\\/\\\/de.facts2reason.com\\\/\"},{\"@type\":\"ListItem\",\"position\":2,\"name\":\"Falsifizierung: was heisst das?\"}]},{\"@type\":\"WebSite\",\"@id\":\"https:\\\/\\\/de.facts2reason.com\\\/#website\",\"url\":\"https:\\\/\\\/de.facts2reason.com\\\/\",\"name\":\"Westen Quo Vadis\",\"description\":\"Blog zur Krise des Westens in Kultur, Politik und Wissenschaft\",\"potentialAction\":[{\"@type\":\"SearchAction\",\"target\":{\"@type\":\"EntryPoint\",\"urlTemplate\":\"https:\\\/\\\/de.facts2reason.com\\\/?s={search_term_string}\"},\"query-input\":{\"@type\":\"PropertyValueSpecification\",\"valueRequired\":true,\"valueName\":\"search_term_string\"}}],\"inLanguage\":\"de\"}]}<\/script>\n<!-- \/ Yoast SEO plugin. -->","yoast_head_json":{"title":"Falsifizierung: was heisst das? - Westen Quo Vadis","robots":{"index":"index","follow":"follow","max-snippet":"max-snippet:-1","max-image-preview":"max-image-preview:large","max-video-preview":"max-video-preview:-1"},"canonical":"https:\/\/de.facts2reason.com\/index.php\/falsifizierung-was-heisst-das\/","og_locale":"de_DE","og_type":"article","og_title":"Falsifizierung: was heisst das? - Westen Quo Vadis","og_description":"Nach K. Popper muss eine Theorie, um als wissenschaftlich zu gelten,&nbsp; so getestet werden k\u00f6nnen, dass sie am Test auch scheitern kann. Das hei\u00dft, sie muss spezifische Vorhersagen machen, deren Ergebnis unter akzeptablen Bedingungen an der gemessenen Realit\u00e4t \u00fcberpr\u00fcft werden kann. Wenn sich die Vorhersagen als falsch erweisen, dann gibt es ein Problem mit der [&hellip;]","og_url":"https:\/\/de.facts2reason.com\/index.php\/falsifizierung-was-heisst-das\/","og_site_name":"Westen Quo Vadis","article_modified_time":"2021-04-15T23:56:56+00:00","twitter_card":"summary_large_image","twitter_misc":{"Gesch\u00e4tzte Lesezeit":"1\u00a0Minute"},"schema":{"@context":"https:\/\/schema.org","@graph":[{"@type":"WebPage","@id":"https:\/\/de.facts2reason.com\/index.php\/falsifizierung-was-heisst-das\/","url":"https:\/\/de.facts2reason.com\/index.php\/falsifizierung-was-heisst-das\/","name":"Falsifizierung: was heisst das? - Westen Quo Vadis","isPartOf":{"@id":"https:\/\/de.facts2reason.com\/#website"},"datePublished":"2021-04-15T23:47:29+00:00","dateModified":"2021-04-15T23:56:56+00:00","breadcrumb":{"@id":"https:\/\/de.facts2reason.com\/index.php\/falsifizierung-was-heisst-das\/#breadcrumb"},"inLanguage":"de","potentialAction":[{"@type":"ReadAction","target":["https:\/\/de.facts2reason.com\/index.php\/falsifizierung-was-heisst-das\/"]}]},{"@type":"BreadcrumbList","@id":"https:\/\/de.facts2reason.com\/index.php\/falsifizierung-was-heisst-das\/#breadcrumb","itemListElement":[{"@type":"ListItem","position":1,"name":"Home","item":"https:\/\/de.facts2reason.com\/"},{"@type":"ListItem","position":2,"name":"Falsifizierung: was heisst das?"}]},{"@type":"WebSite","@id":"https:\/\/de.facts2reason.com\/#website","url":"https:\/\/de.facts2reason.com\/","name":"Westen Quo Vadis","description":"Blog zur Krise des Westens in Kultur, Politik und Wissenschaft","potentialAction":[{"@type":"SearchAction","target":{"@type":"EntryPoint","urlTemplate":"https:\/\/de.facts2reason.com\/?s={search_term_string}"},"query-input":{"@type":"PropertyValueSpecification","valueRequired":true,"valueName":"search_term_string"}}],"inLanguage":"de"}]}},"rttpg_featured_image_url":null,"rttpg_author":{"display_name":"admin","author_link":"https:\/\/de.facts2reason.com\/index.php\/author\/eglimarkusncll\/"},"rttpg_comment":0,"rttpg_category":null,"rttpg_excerpt":"Nach K. Popper muss eine Theorie, um als wissenschaftlich zu gelten,&nbsp; so getestet werden k\u00f6nnen, dass sie am Test auch scheitern kann. Das hei\u00dft, sie muss spezifische Vorhersagen machen, deren Ergebnis unter akzeptablen Bedingungen an der gemessenen Realit\u00e4t \u00fcberpr\u00fcft werden kann. Wenn sich die Vorhersagen als falsch erweisen, dann gibt es ein Problem mit der&hellip;","_links":{"self":[{"href":"https:\/\/de.facts2reason.com\/index.php\/wp-json\/wp\/v2\/pages\/233","targetHints":{"allow":["GET"]}}],"collection":[{"href":"https:\/\/de.facts2reason.com\/index.php\/wp-json\/wp\/v2\/pages"}],"about":[{"href":"https:\/\/de.facts2reason.com\/index.php\/wp-json\/wp\/v2\/types\/page"}],"author":[{"embeddable":true,"href":"https:\/\/de.facts2reason.com\/index.php\/wp-json\/wp\/v2\/users\/1"}],"replies":[{"embeddable":true,"href":"https:\/\/de.facts2reason.com\/index.php\/wp-json\/wp\/v2\/comments?post=233"}],"version-history":[{"count":6,"href":"https:\/\/de.facts2reason.com\/index.php\/wp-json\/wp\/v2\/pages\/233\/revisions"}],"predecessor-version":[{"id":240,"href":"https:\/\/de.facts2reason.com\/index.php\/wp-json\/wp\/v2\/pages\/233\/revisions\/240"}],"wp:attachment":[{"href":"https:\/\/de.facts2reason.com\/index.php\/wp-json\/wp\/v2\/media?parent=233"}],"curies":[{"name":"wp","href":"https:\/\/api.w.org\/{rel}","templated":true}]}}